{"id":7915,"date":"2021-02-01T12:00:17","date_gmt":"2021-02-01T09:00:17","guid":{"rendered":"https:\/\/www.saydasplastik.com.tr\/en\/?page_id=7915"},"modified":"2021-06-17T16:17:17","modified_gmt":"2021-06-17T13:17:17","slug":"about-us","status":"publish","type":"page","link":"https:\/\/www.saydasplastik.com.tr\/en\/about-us\/","title":{"rendered":"About Us"},"content":{"rendered":"<section class=\"l-section wpb_row height_custom\"><div class=\"l-section-h i-cf\"><div class=\"g-cols vc_row via_flex valign_top type_default stacking_default\"><div class=\"vc_col-sm-12 wpb_column vc_column_container\"><div class=\"vc_column-inner\"><div class=\"wpb_wrapper\"><div class=\"g-cols wpb_row via_flex valign_top type_default stacking_default\"><div class=\"vc_col-sm-6 wpb_column vc_column_container\"><div class=\"vc_column-inner\"><div class=\"wpb_wrapper\"><div class=\"w-image style_shadow-1 align_center\"><div class=\"w-image-h\"><img loading=\"lazy\" decoding=\"async\" width=\"2472\" height=\"1390\" src=\"https:\/\/www.saydasplastik.com.tr\/en\/wp-content\/uploads\/2021\/02\/Saydas-Hakkimizda.jpg\" class=\"attachment-full size-full\" alt=\"\" srcset=\"https:\/\/www.saydasplastik.com.tr\/en\/wp-content\/uploads\/2021\/02\/Saydas-Hakkimizda.jpg 2472w, https:\/\/www.saydasplastik.com.tr\/en\/wp-content\/uploads\/2021\/02\/Saydas-Hakkimizda-300x169.jpg 300w, https:\/\/www.saydasplastik.com.tr\/en\/wp-content\/uploads\/2021\/02\/Saydas-Hakkimizda-1024x576.jpg 1024w, https:\/\/www.saydasplastik.com.tr\/en\/wp-content\/uploads\/2021\/02\/Saydas-Hakkimizda-1536x864.jpg 1536w\" sizes=\"auto, (max-width: 2472px) 100vw, 2472px\" \/><\/div><\/div><\/div><\/div><\/div><div class=\"vc_col-sm-6 wpb_column vc_column_container\"><div class=\"vc_column-inner\"><div class=\"wpb_wrapper\"><div class=\"wpb_text_column\"><div class=\"wpb_wrapper\"><p><strong>Sayda\u015f Plastik Metal Geri D\u00f6n\u00fc\u015f\u00fcm NAK. \u0130N\u015e. SAN. ve T\u0130C. LTD. \u015eT\u0130<\/strong>. Established its first facility in Tuzla Deri OSB in 1978. Due to the increasing need of the sector, a new investment decision was taken in 2016, and thus the brand continues its activities with 2 facilities established on an area of 4.000 m<sup>2<\/sup> in Marmara Recycling Industrial Site.<\/p>\n<p>Sayda\u015f Plastik, which is one of the exemplary companies in the recycling sector in Turkey is developing its service quality on the journey it started with the slogan &#8220;New Life for Old Packages&#8221; thanks to its ever-increasing vehicle fleet, its activities parallel to technology, R&amp;D studies, product diversity, and expert staff.<\/p>\n<\/div><\/div><\/div><\/div><\/div><\/div><div class=\"w-separator size_medium\"><\/div><div class=\"g-cols wpb_row via_flex valign_top type_default reversed stacking_default\"><div class=\"vc_col-sm-6 wpb_column vc_column_container\"><div class=\"vc_column-inner\"><div class=\"wpb_wrapper\"><div class=\"wpb_text_column\"><div class=\"wpb_wrapper\"><p>It serves more than 400 institutions and organizations with Packaging Waste Recycling, Tanker Cleaning, Hazardous and Non-Hazardous Waste Recycling, Non-Hazardous Waste Collection and Separation licenses it obtained by approval of Turkish Republic Ministry of Environment and Urbanization.<\/p>\n<p>Sayda\u015f Plastic also adds added value to the Turkish economy thanks to its role in transforming wastes that can be recycled as a secondary raw material through various physical and\/or chemical processes and in reintroducing them into the production process.<\/p>\n<\/div><\/div><\/div><\/div><\/div><div class=\"vc_col-sm-6 wpb_column vc_column_container\"><div class=\"vc_column-inner\"><div class=\"wpb_wrapper\"><div class=\"w-image style_shadow-1 align_center\"><div class=\"w-image-h\"><img loading=\"lazy\" decoding=\"async\" width=\"1736\" height=\"923\" src=\"https:\/\/www.saydasplastik.com.tr\/en\/wp-content\/uploads\/2021\/02\/hakkimizda.jpg\" class=\"attachment-full size-full\" alt=\"\" srcset=\"https:\/\/www.saydasplastik.com.tr\/en\/wp-content\/uploads\/2021\/02\/hakkimizda.jpg 1736w, https:\/\/www.saydasplastik.com.tr\/en\/wp-content\/uploads\/2021\/02\/hakkimizda-300x160.jpg 300w, https:\/\/www.saydasplastik.com.tr\/en\/wp-content\/uploads\/2021\/02\/hakkimizda-1024x544.jpg 1024w, https:\/\/www.saydasplastik.com.tr\/en\/wp-content\/uploads\/2021\/02\/hakkimizda-1536x817.jpg 1536w\" sizes=\"auto, (max-width: 1736px) 100vw, 1736px\" \/><\/div><\/div><\/div><\/div><\/div><\/div><div class=\"w-separator size_medium\"><\/div><div class=\"wpb_text_column\"><div class=\"wpb_wrapper\"><p>Thanks to the quality services it has provided as one of the pioneers of the sector, Sayda\u015f Plastik produces approximately 14.000 tons\/year PE, 1.000 tons\/year HDPE, 750 tons\/year PP granule secondary raw materials from waste scraps in its facilities where recycling activities take place. With recycling of approximately 16.000 tons of waste in total, the brand offers raw material alternative for sectors such as:<\/p>\n<\/div><\/div><div class=\"w-separator size_medium\"><\/div><div class=\"g-cols wpb_row via_flex valign_top type_default stacking_default\"><div class=\"vc_col-sm-12 wpb_column vc_column_container\"><div class=\"vc_column-inner\"><div class=\"wpb_wrapper\"><div class=\"wpb_text_column\"><div class=\"wpb_wrapper\"><ul>\n<li>Plastic Packaging Industry<\/li>\n<li>Plastic Pipe \u0130ndustry (PE80-PE100-Corrugated-Drip &amp; Irrigation-Coil etc.)<\/li>\n<li>Plate<\/li>\n<li>Plastic product industry (garden fence, street lamp\u2026etc.).<\/li>\n<\/ul>\n<p>By recycling 36.000 units\/year IBC Tank, 25.000 units\/year plastic packages of various sizes and 2500 tons\/year metal packages, it offers packaging alternatives to the following sectors:<\/p>\n<ul>\n<li>Chemistry<\/li>\n<li>Leather<\/li>\n<li>Paint\u2026 etc.<\/li>\n<\/ul>\n<p>Sayda\u015f Plastik contributes to the replacement of disposable packaging with reusable packaging. By reducing the use of plastic, it saves energy, uses resources more economically and prevents environmental pollution.<\/p>\n<p>While 97% of the contaminated waste received in our facilities is recycled and reused, 3% is used as fuel in our country&#8217;s power plants as a result of disposal processes.<\/p>\n<\/div><\/div><\/div><\/div><\/div><\/div><div class=\"w-separator size_medium\"><\/div><div class=\"g-cols wpb_row via_flex valign_top type_default stacking_default\" style=\"--additional-gap:10px;\"><div class=\"vc_col-sm-4 wpb_column vc_column_container\"><div class=\"vc_column-inner us_custom_df67477d\"><div class=\"wpb_wrapper\"><div class=\"wpb_text_column us_custom_4fd89a8b\"><div class=\"wpb_wrapper\"><h4 style=\"text-align: center;\"><strong>Our Mission<\/strong><\/h4>\n<p style=\"text-align: center;\">To lead our sector with innovative applications and to meet the recycling need of the country by preserving the value of the best quality product and increasing the product quality that we have produced according to today&#8217;s conditions.<\/p>\n<\/div><\/div><\/div><\/div><\/div><div class=\"vc_col-sm-4 wpb_column vc_column_container\"><div class=\"vc_column-inner us_custom_df67477d\"><div class=\"wpb_wrapper\"><div class=\"wpb_text_column us_custom_4fd89a8b\"><div class=\"wpb_wrapper\"><h4 style=\"text-align: center;\"><strong>Our Vision<\/strong><\/h4>\n<p style=\"text-align: center;\">To gain a preferable and reliable structure in European countries, especially in our country with our activities, as a pioneering company whose performance is admired in the recycling sector and which respects the values of environment and life.<\/p>\n<\/div><\/div><\/div><\/div><\/div><div class=\"vc_col-sm-4 wpb_column vc_column_container\"><div class=\"vc_column-inner us_custom_df67477d\"><div class=\"wpb_wrapper\"><div class=\"wpb_text_column us_custom_4fd89a8b\"><div class=\"wpb_wrapper\"><h4 style=\"text-align: center;\"><strong>Our Values<\/strong><\/h4>\n<p style=\"text-align: center;\">It acts as a company that respects people, is sensitive to the environment, is honest, transparent and ethical, creative and innovative, customer-oriented, supporting the development of its employees, valuing teamwork, and is aware of its responsibilities in terms of quality and occupational safety.<\/p>\n<\/div><\/div><\/div><\/div><\/div><\/div><\/div><\/div><\/div><\/div><\/div><\/section>\n","protected":false},"excerpt":{"rendered":"Sayda\u015f Plastik Metal Geri D\u00f6n\u00fc\u015f\u00fcm NAK. \u0130N\u015e. SAN. ve T\u0130C. LTD. \u015eT\u0130. Established its first facility in Tuzla Deri OSB in 1978. Due to the increasing need of the sector, a new investment decision was taken in 2016, and thus the brand continues its activities with 2 facilities established on an area of 4.000 m2...","protected":false},"author":1,"featured_media":0,"parent":0,"menu_order":0,"comment_status":"closed","ping_status":"closed","template":"","meta":{"_acf_changed":false,"footnotes":""},"class_list":["post-7915","page","type-page","status-publish","hentry"],"acf":[],"yoast_head":"<!-- This site is optimized with the Yoast SEO plugin v20.8 - https:\/\/yoast.com\/wordpress\/plugins\/seo\/ -->\n<title>About Us | Sayda\u015f Plastic<\/title>\n<meta name=\"robots\" content=\"index, follow, max-snippet:-1, max-image-preview:large, max-video-preview:-1\" \/>\n<link rel=\"canonical\" href=\"https:\/\/www.saydasplastik.com.tr\/en\/about-us\/\" \/>\n<meta property=\"og:locale\" content=\"en_US\" \/>\n<meta property=\"og:type\" content=\"article\" \/>\n<meta property=\"og:title\" content=\"About Us | Sayda\u015f Plastic\" \/>\n<meta property=\"og:url\" content=\"https:\/\/www.saydasplastik.com.tr\/en\/about-us\/\" \/>\n<meta property=\"og:site_name\" content=\"Sayda\u015f Plastic\" \/>\n<meta property=\"article:modified_time\" content=\"2021-06-17T13:17:17+00:00\" \/>\n<meta name=\"twitter:card\" content=\"summary_large_image\" \/>\n<meta name=\"twitter:label1\" content=\"Est. reading time\" \/>\n\t<meta name=\"twitter:data1\" content=\"3 minutes\" \/>\n<script type=\"application\/ld+json\" class=\"yoast-schema-graph\">{\"@context\":\"https:\/\/schema.org\",\"@graph\":[{\"@type\":\"WebPage\",\"@id\":\"https:\/\/www.saydasplastik.com.tr\/en\/about-us\/\",\"url\":\"https:\/\/www.saydasplastik.com.tr\/en\/about-us\/\",\"name\":\"About Us | Sayda\u015f Plastic\",\"isPartOf\":{\"@id\":\"https:\/\/www.saydasplastik.com.tr\/en\/#website\"},\"datePublished\":\"2021-02-01T09:00:17+00:00\",\"dateModified\":\"2021-06-17T13:17:17+00:00\",\"breadcrumb\":{\"@id\":\"https:\/\/www.saydasplastik.com.tr\/en\/about-us\/#breadcrumb\"},\"inLanguage\":\"en-US\",\"potentialAction\":[{\"@type\":\"ReadAction\",\"target\":[\"https:\/\/www.saydasplastik.com.tr\/en\/about-us\/\"]}]},{\"@type\":\"BreadcrumbList\",\"@id\":\"https:\/\/www.saydasplastik.com.tr\/en\/about-us\/#breadcrumb\",\"itemListElement\":[{\"@type\":\"ListItem\",\"position\":1,\"name\":\"Anasayfa\",\"item\":\"https:\/\/www.saydasplastik.com.tr\/en\/\"},{\"@type\":\"ListItem\",\"position\":2,\"name\":\"About Us\"}]},{\"@type\":\"WebSite\",\"@id\":\"https:\/\/www.saydasplastik.com.tr\/en\/#website\",\"url\":\"https:\/\/www.saydasplastik.com.tr\/en\/\",\"name\":\"Sayda\u015f Plastic\",\"description\":\"\",\"publisher\":{\"@id\":\"https:\/\/www.saydasplastik.com.tr\/en\/#organization\"},\"potentialAction\":[{\"@type\":\"SearchAction\",\"target\":{\"@type\":\"EntryPoint\",\"urlTemplate\":\"https:\/\/www.saydasplastik.com.tr\/en\/?s={search_term_string}\"},\"query-input\":\"required name=search_term_string\"}],\"inLanguage\":\"en-US\"},{\"@type\":\"Organization\",\"@id\":\"https:\/\/www.saydasplastik.com.tr\/en\/#organization\",\"name\":\"Sayda\u015f Plastic\",\"url\":\"https:\/\/www.saydasplastik.com.tr\/en\/\",\"logo\":{\"@type\":\"ImageObject\",\"inLanguage\":\"en-US\",\"@id\":\"https:\/\/www.saydasplastik.com.tr\/en\/#\/schema\/logo\/image\/\",\"url\":\"https:\/\/www.saydasplastik.com.tr\/en\/wp-content\/uploads\/2017\/07\/Saydas-Plastik-Logo.png\",\"contentUrl\":\"https:\/\/www.saydasplastik.com.tr\/en\/wp-content\/uploads\/2017\/07\/Saydas-Plastik-Logo.png\",\"width\":300,\"height\":60,\"caption\":\"Sayda\u015f Plastic\"},\"image\":{\"@id\":\"https:\/\/www.saydasplastik.com.tr\/en\/#\/schema\/logo\/image\/\"}}]}<\/script>\n<!-- \/ Yoast SEO plugin. -->","yoast_head_json":{"title":"About Us | Sayda\u015f Plastic","robots":{"index":"index","follow":"follow","max-snippet":"max-snippet:-1","max-image-preview":"max-image-preview:large","max-video-preview":"max-video-preview:-1"},"canonical":"https:\/\/www.saydasplastik.com.tr\/en\/about-us\/","og_locale":"en_US","og_type":"article","og_title":"About Us | Sayda\u015f Plastic","og_url":"https:\/\/www.saydasplastik.com.tr\/en\/about-us\/","og_site_name":"Sayda\u015f Plastic","article_modified_time":"2021-06-17T13:17:17+00:00","twitter_card":"summary_large_image","twitter_misc":{"Est. reading time":"3 minutes"},"schema":{"@context":"https:\/\/schema.org","@graph":[{"@type":"WebPage","@id":"https:\/\/www.saydasplastik.com.tr\/en\/about-us\/","url":"https:\/\/www.saydasplastik.com.tr\/en\/about-us\/","name":"About Us | Sayda\u015f Plastic","isPartOf":{"@id":"https:\/\/www.saydasplastik.com.tr\/en\/#website"},"datePublished":"2021-02-01T09:00:17+00:00","dateModified":"2021-06-17T13:17:17+00:00","breadcrumb":{"@id":"https:\/\/www.saydasplastik.com.tr\/en\/about-us\/#breadcrumb"},"inLanguage":"en-US","potentialAction":[{"@type":"ReadAction","target":["https:\/\/www.saydasplastik.com.tr\/en\/about-us\/"]}]},{"@type":"BreadcrumbList","@id":"https:\/\/www.saydasplastik.com.tr\/en\/about-us\/#breadcrumb","itemListElement":[{"@type":"ListItem","position":1,"name":"Anasayfa","item":"https:\/\/www.saydasplastik.com.tr\/en\/"},{"@type":"ListItem","position":2,"name":"About Us"}]},{"@type":"WebSite","@id":"https:\/\/www.saydasplastik.com.tr\/en\/#website","url":"https:\/\/www.saydasplastik.com.tr\/en\/","name":"Sayda\u015f Plastic","description":"","publisher":{"@id":"https:\/\/www.saydasplastik.com.tr\/en\/#organization"},"potentialAction":[{"@type":"SearchAction","target":{"@type":"EntryPoint","urlTemplate":"https:\/\/www.saydasplastik.com.tr\/en\/?s={search_term_string}"},"query-input":"required name=search_term_string"}],"inLanguage":"en-US"},{"@type":"Organization","@id":"https:\/\/www.saydasplastik.com.tr\/en\/#organization","name":"Sayda\u015f Plastic","url":"https:\/\/www.saydasplastik.com.tr\/en\/","logo":{"@type":"ImageObject","inLanguage":"en-US","@id":"https:\/\/www.saydasplastik.com.tr\/en\/#\/schema\/logo\/image\/","url":"https:\/\/www.saydasplastik.com.tr\/en\/wp-content\/uploads\/2017\/07\/Saydas-Plastik-Logo.png","contentUrl":"https:\/\/www.saydasplastik.com.tr\/en\/wp-content\/uploads\/2017\/07\/Saydas-Plastik-Logo.png","width":300,"height":60,"caption":"Sayda\u015f Plastic"},"image":{"@id":"https:\/\/www.saydasplastik.com.tr\/en\/#\/schema\/logo\/image\/"}}]}},"_links":{"self":[{"href":"https:\/\/www.saydasplastik.com.tr\/en\/wp-json\/wp\/v2\/pages\/7915","targetHints":{"allow":["GET"]}}],"collection":[{"href":"https:\/\/www.saydasplastik.com.tr\/en\/wp-json\/wp\/v2\/pages"}],"about":[{"href":"https:\/\/www.saydasplastik.com.tr\/en\/wp-json\/wp\/v2\/types\/page"}],"author":[{"embeddable":true,"href":"https:\/\/www.saydasplastik.com.tr\/en\/wp-json\/wp\/v2\/users\/1"}],"replies":[{"embeddable":true,"href":"https:\/\/www.saydasplastik.com.tr\/en\/wp-json\/wp\/v2\/comments?post=7915"}],"version-history":[{"count":2,"href":"https:\/\/www.saydasplastik.com.tr\/en\/wp-json\/wp\/v2\/pages\/7915\/revisions"}],"predecessor-version":[{"id":8684,"href":"https:\/\/www.saydasplastik.com.tr\/en\/wp-json\/wp\/v2\/pages\/7915\/revisions\/8684"}],"wp:attachment":[{"href":"https:\/\/www.saydasplastik.com.tr\/en\/wp-json\/wp\/v2\/media?parent=7915"}],"curies":[{"name":"wp","href":"https:\/\/api.w.org\/{rel}","templated":true}]}}