{"id":7993,"date":"2021-02-01T14:37:22","date_gmt":"2021-02-01T11:37:22","guid":{"rendered":"https:\/\/www.saydasplastik.com.tr\/en\/?page_id=7993"},"modified":"2021-06-17T17:44:23","modified_gmt":"2021-06-17T14:44:23","slug":"contact","status":"publish","type":"page","link":"https:\/\/www.saydasplastik.com.tr\/en\/contact\/","title":{"rendered":"Contact"},"content":{"rendered":"<section class=\"l-section wpb_row height_auto width_full\"><div class=\"l-section-h i-cf\"><div class=\"g-cols vc_row via_flex valign_top type_default stacking_default\"><div class=\"vc_col-sm-12 wpb_column vc_column_container\"><div class=\"vc_column-inner\"><div class=\"wpb_wrapper\">[vc_raw_html]JTNDaWZyYW1lJTIwc3JjJTNEJTIyaHR0cHMlM0ElMkYlMkZ3d3cuZ29vZ2xlLmNvbSUyRm1hcHMlMkZlbWJlZCUzRnBiJTNEJTIxMW0xNCUyMTFtOCUyMTFtMyUyMTFkMjQxNDQuNDkxNDY1MjM5NDg0JTIxMmQyOS4zODY2MTY5OTk5OTk5OTglMjEzZDQwLjg0ODU3NSUyMTNtMiUyMTFpMTAyNCUyMTJpNzY4JTIxNGYxMy4xJTIxM20zJTIxMW0yJTIxMXMweDAlMjUzQTB4NmRlNDk5NmZkMmZiN2ZkNCUyMTJzU2F5ZGElMjVDNSUyNTlGJTI1MjBQbGFzdGlrJTIxNWUwJTIxM20yJTIxMXN0ciUyMTJzdHIlMjE0djE2MTIxNzkzOTE2NjUlMjE1bTIlMjExc3RyJTIxMnN0ciUyMiUyMHdpZHRoJTNEJTIyMTAwJTI1JTIyJTIwaGVpZ2h0JTNEJTIyNDUwJTIyJTIwZnJhbWVib3JkZXIlM0QlMjIwJTIyJTIwc3R5bGUlM0QlMjJib3JkZXIlM0EwJTNCJTIyJTIwYWxsb3dmdWxsc2NyZWVuJTNEJTIyJTIyJTIwYXJpYS1oaWRkZW4lM0QlMjJmYWxzZSUyMiUyMHRhYmluZGV4JTNEJTIyMCUyMiUzRSUzQyUyRmlmcmFtZSUzRQ==[\/vc_raw_html]<\/div><\/div><\/div><\/div><\/div><\/section><section class=\"l-section wpb_row height_small\"><div class=\"l-section-h i-cf\"><div class=\"g-cols vc_row via_flex valign_top type_default stacking_default\" style=\"--additional-gap:10px;\"><div class=\"vc_col-sm-4 wpb_column vc_column_container\"><div class=\"vc_column-inner\"><div class=\"wpb_wrapper\"><div class=\"wpb_text_column\"><div class=\"wpb_wrapper\"><h4>Our Contact Information<\/h4>\n<\/div><\/div><div class=\"w-separator size_custom with_line width_default thick_1 style_solid color_border align_center\" style=\"height:30px\"><div class=\"w-separator-h\"><\/div><\/div><div class=\"w-iconbox iconpos_left style_circle color_primary align_left\"><div class=\"w-iconbox-icon\" style=\"font-size:22px;\"><i class=\"far fa-map-marker-alt\"><\/i><\/div><div class=\"w-iconbox-meta\"><div class=\"w-iconbox-title\"><b>Headquarters \/ Factory 1<\/b><\/div><div class=\"w-iconbox-text\"><p>\u015eekerp\u0131nar Mah. \u00c7i\u011fdem Sk. No : 3 \u00c7ay\u0131rova\/KOCAEL\u0130<\/p>\n<\/div><\/div><\/div><div class=\"w-separator size_small\"><\/div><div class=\"w-iconbox iconpos_left style_circle color_primary align_left\"><div class=\"w-iconbox-icon\" style=\"font-size:22px;\"><i class=\"far fa-map-marker-alt\"><\/i><\/div><div class=\"w-iconbox-meta\"><div class=\"w-iconbox-title\"><b>Branch \/ Factory 2<\/b><\/div><div class=\"w-iconbox-text\"><p>\u015eekerp\u0131nar Mah. Ba\u015fak Sk. 243\/4 parsel No:21 \u00c7ay\u0131rova\/KOCAEL\u0130<\/p>\n<\/div><\/div><\/div><div class=\"w-separator size_small\"><\/div><div class=\"w-iconbox iconpos_left style_circle color_primary align_left no_text\"><a href=\"tel:+902626582288\" class=\"w-iconbox-link\" aria-label=\"0 (262) 658 22 88\"><div class=\"w-iconbox-icon\" style=\"font-size:22px;\"><i class=\"far fa-phone\"><\/i><\/div><\/a><div class=\"w-iconbox-meta\"><a href=\"tel:+902626582288\" class=\"w-iconbox-link\" aria-label=\"0 (262) 658 22 88\"><div class=\"w-iconbox-title\">0 (262) 658 22 88<\/div><\/a><\/div><\/div><div class=\"w-separator size_small\"><\/div><div class=\"w-iconbox iconpos_left style_circle color_primary align_left no_text\"><div class=\"w-iconbox-icon\" style=\"font-size:22px;\"><i class=\"far fa-fax\"><\/i><\/div><div class=\"w-iconbox-meta\"><div class=\"w-iconbox-title\">0 (262) 658 08 06<\/div><\/div><\/div><div class=\"w-separator size_small\"><\/div><div class=\"w-iconbox iconpos_left style_circle color_primary align_left no_text\"><a href=\"mailto:info@saydasplastik.com.tr\" class=\"w-iconbox-link\" aria-label=\"info@saydasplastik.com.tr\"><div class=\"w-iconbox-icon\" style=\"font-size:22px;\"><i class=\"far fa-envelope\"><\/i><\/div><\/a><div class=\"w-iconbox-meta\"><a href=\"mailto:info@saydasplastik.com.tr\" class=\"w-iconbox-link\" aria-label=\"info@saydasplastik.com.tr\"><div class=\"w-iconbox-title\">info@saydasplastik.com.tr<\/div><\/a><\/div><\/div><\/div><\/div><\/div><div class=\"vc_col-sm-8 wpb_column vc_column_container\"><div class=\"vc_column-inner\"><div class=\"wpb_wrapper\"><div class=\"wpb_text_column\"><div class=\"wpb_wrapper\"><h4>Contact Us<\/h4>\n<p>You can contact us by filling out the contact form below.<\/p>\n<\/div><\/div><div class=\"w-separator size_small\"><\/div><form class=\"w-form  layout_ver for_cform us_form_1\" autocomplete=\"off\" action=\"https:\/\/www.saydasplastik.com.tr\/en\/en\/wp-json\/wp\/v2\/pages\/7993\" method=\"post\"><div class=\"w-form-h\"><div class=\"w-form-row for_text required with_icon\">\r\n\t\t<div class=\"w-form-row-field\">\r\n\t\t\t\t<i class=\"fas fa-user\"><\/i>\t\t<input aria-label=\"Name Surname\" type=\"text\" name=\"us_form_1_text_1\" value placeholder=\"Name Surname *\" data-required=\"true\" aria-required=\"true\"\/>\r\n\t\t\t<\/div>\r\n\t\t<div class=\"w-form-row-state\">Fill out this field<\/div>\r\n<\/div>\r\n<div class=\"w-form-row for_email required with_icon\">\r\n\t\t<div class=\"w-form-row-field\">\r\n\t\t\t\t<i class=\"fas fa-envelope\"><\/i>\t\t<input aria-label=\"E-Mail\" type=\"email\" name=\"us_form_1_email_1\" value placeholder=\"E-Mail *\" data-required=\"true\" aria-required=\"true\"\/>\r\n\t\t\t<\/div>\r\n\t\t<div class=\"w-form-row-state\">Please enter a valid email address.<\/div>\r\n<\/div>\r\n<div class=\"w-form-row for_text required with_icon\">\r\n\t\t<div class=\"w-form-row-field\">\r\n\t\t\t\t<i class=\"fas fa-phone\"><\/i>\t\t<input aria-label=\"Telephone\" inputmode=\"tel\" type=\"text\" name=\"us_form_1_text_2\" value placeholder=\"Telephone *\" data-required=\"true\" aria-required=\"true\"\/>\r\n\t\t\t<\/div>\r\n\t\t<div class=\"w-form-row-state\">Fill out this field<\/div>\r\n<\/div>\r\n<div class=\"w-form-row for_textarea required\">\r\n\t\t<div class=\"w-form-row-field\">\r\n\t\t\t\t\t\t<textarea aria-label=\"Your Message\" name=\"us_form_1_textarea_1\" placeholder=\"Your Message *\" data-required=\"true\" aria-required=\"true\"><\/textarea>\r\n\t\t\t<\/div>\r\n\t\t<div class=\"w-form-row-state\">Fill out this field<\/div>\r\n<\/div>\r\n<input type=\"hidden\" name=\"action\" value=\"us_ajax_cform\" \/>\r\n<input type=\"hidden\" name=\"post_id\" value=\"0\" \/>\r\n<input type=\"hidden\" name=\"form_index\" value=\"1\" \/>\r\n<div class=\"w-form-row for_submit align_none\">\r\n\t<div class=\"w-form-row-field\">\r\n\t\t<button class=\"w-btn  us-btn-style_1\" aria-label=\"Send\" type=\"submit\">\r\n\t\t\t<span class=\"g-preloader type_1\"><\/span>\r\n\t\t\t\t\t\t<span class=\"w-btn-label\">Send<\/span>\r\n\t\t\t\t\t<\/button>\r\n\t<\/div>\r\n<\/div>\r\n<\/div><div class=\"w-form-message\"><\/div><div class=\"w-form-json hidden\" onclick='return {&quot;ajaxurl&quot;:&quot;https:\\\/\\\/www.saydasplastik.com.tr\\\/en\\\/wp-admin\\\/admin-ajax.php&quot;,&quot;messages&quot;:{&quot;err_empty&quot;:&quot;Fill out this field&quot;,&quot;err_size&quot;:&quot;File size cannot exceed %s MB&quot;,&quot;err_extension&quot;:&quot;%s file type is not allowed&quot;}}'><\/div><\/form><\/div><\/div><\/div><\/div><\/div><\/section>\n","protected":false},"excerpt":{"rendered":"[vc_raw_html]JTNDaWZyYW1lJTIwc3JjJTNEJTIyaHR0cHMlM0ElMkYlMkZ3d3cuZ29vZ2xlLmNvbSUyRm1hcHMlMkZlbWJlZCUzRnBiJTNEJTIxMW0xNCUyMTFtOCUyMTFtMyUyMTFkMjQxNDQuNDkxNDY1MjM5NDg0JTIxMmQyOS4zODY2MTY5OTk5OTk5OTglMjEzZDQwLjg0ODU3NSUyMTNtMiUyMTFpMTAyNCUyMTJpNzY4JTIxNGYxMy4xJTIxM20zJTIxMW0yJTIxMXMweDAlMjUzQTB4NmRlNDk5NmZkMmZiN2ZkNCUyMTJzU2F5ZGElMjVDNSUyNTlGJTI1MjBQbGFzdGlrJTIxNWUwJTIxM20yJTIxMXN0ciUyMTJzdHIlMjE0djE2MTIxNzkzOTE2NjUlMjE1bTIlMjExc3RyJTIxMnN0ciUyMiUyMHdpZHRoJTNEJTIyMTAwJTI1JTIyJTIwaGVpZ2h0JTNEJTIyNDUwJTIyJTIwZnJhbWVib3JkZXIlM0QlMjIwJTIyJTIwc3R5bGUlM0QlMjJib3JkZXIlM0EwJTNCJTIyJTIwYWxsb3dmdWxsc2NyZWVuJTNEJTIyJTIyJTIwYXJpYS1oaWRkZW4lM0QlMjJmYWxzZSUyMiUyMHRhYmluZGV4JTNEJTIyMCUyMiUzRSUzQyUyRmlmcmFtZSUzRQ==[\/vc_raw_html] Our Contact Information Headquarters \/ Factory 1\u015eekerp\u0131nar Mah. \u00c7i\u011fdem Sk. No : 3 \u00c7ay\u0131rova\/KOCAEL\u0130 Branch \/ Factory 2\u015eekerp\u0131nar Mah. Ba\u015fak Sk. 243\/4 parsel No:21 \u00c7ay\u0131rova\/KOCAEL\u0130 0 (262) 658 22 880 (262) 658 08 06info@saydasplastik.com.tr Contact Us You can contact us by filling out the contact form below. Fill out this field Please enter a...","protected":false},"author":1,"featured_media":0,"parent":0,"menu_order":0,"comment_status":"closed","ping_status":"closed","template":"","meta":{"_acf_changed":false,"footnotes":""},"class_list":["post-7993","page","type-page","status-publish","hentry"],"acf":[],"yoast_head":"<!-- This site is optimized with the Yoast SEO plugin v20.8 - https:\/\/yoast.com\/wordpress\/plugins\/seo\/ -->\n<title>Contact | Sayda\u015f Plastic<\/title>\n<meta name=\"robots\" content=\"index, follow, max-snippet:-1, max-image-preview:large, max-video-preview:-1\" \/>\n<link rel=\"canonical\" href=\"https:\/\/www.saydasplastik.com.tr\/en\/contact\/\" \/>\n<meta property=\"og:locale\" content=\"en_US\" \/>\n<meta property=\"og:type\" content=\"article\" \/>\n<meta property=\"og:title\" content=\"Contact | Sayda\u015f Plastic\" \/>\n<meta property=\"og:url\" content=\"https:\/\/www.saydasplastik.com.tr\/en\/contact\/\" \/>\n<meta property=\"og:site_name\" content=\"Sayda\u015f Plastic\" \/>\n<meta property=\"article:modified_time\" content=\"2021-06-17T14:44:23+00:00\" \/>\n<meta name=\"twitter:card\" content=\"summary_large_image\" \/>\n<meta name=\"twitter:label1\" content=\"Est. reading time\" \/>\n\t<meta name=\"twitter:data1\" content=\"1 minute\" \/>\n<script type=\"application\/ld+json\" class=\"yoast-schema-graph\">{\"@context\":\"https:\/\/schema.org\",\"@graph\":[{\"@type\":\"WebPage\",\"@id\":\"https:\/\/www.saydasplastik.com.tr\/en\/contact\/\",\"url\":\"https:\/\/www.saydasplastik.com.tr\/en\/contact\/\",\"name\":\"Contact | Sayda\u015f Plastic\",\"isPartOf\":{\"@id\":\"https:\/\/www.saydasplastik.com.tr\/en\/#website\"},\"datePublished\":\"2021-02-01T11:37:22+00:00\",\"dateModified\":\"2021-06-17T14:44:23+00:00\",\"breadcrumb\":{\"@id\":\"https:\/\/www.saydasplastik.com.tr\/en\/contact\/#breadcrumb\"},\"inLanguage\":\"en-US\",\"potentialAction\":[{\"@type\":\"ReadAction\",\"target\":[\"https:\/\/www.saydasplastik.com.tr\/en\/contact\/\"]}]},{\"@type\":\"BreadcrumbList\",\"@id\":\"https:\/\/www.saydasplastik.com.tr\/en\/contact\/#breadcrumb\",\"itemListElement\":[{\"@type\":\"ListItem\",\"position\":1,\"name\":\"Anasayfa\",\"item\":\"https:\/\/www.saydasplastik.com.tr\/en\/\"},{\"@type\":\"ListItem\",\"position\":2,\"name\":\"Contact\"}]},{\"@type\":\"WebSite\",\"@id\":\"https:\/\/www.saydasplastik.com.tr\/en\/#website\",\"url\":\"https:\/\/www.saydasplastik.com.tr\/en\/\",\"name\":\"Sayda\u015f Plastic\",\"description\":\"\",\"publisher\":{\"@id\":\"https:\/\/www.saydasplastik.com.tr\/en\/#organization\"},\"potentialAction\":[{\"@type\":\"SearchAction\",\"target\":{\"@type\":\"EntryPoint\",\"urlTemplate\":\"https:\/\/www.saydasplastik.com.tr\/en\/?s={search_term_string}\"},\"query-input\":\"required name=search_term_string\"}],\"inLanguage\":\"en-US\"},{\"@type\":\"Organization\",\"@id\":\"https:\/\/www.saydasplastik.com.tr\/en\/#organization\",\"name\":\"Sayda\u015f Plastic\",\"url\":\"https:\/\/www.saydasplastik.com.tr\/en\/\",\"logo\":{\"@type\":\"ImageObject\",\"inLanguage\":\"en-US\",\"@id\":\"https:\/\/www.saydasplastik.com.tr\/en\/#\/schema\/logo\/image\/\",\"url\":\"https:\/\/www.saydasplastik.com.tr\/en\/wp-content\/uploads\/2017\/07\/Saydas-Plastik-Logo.png\",\"contentUrl\":\"https:\/\/www.saydasplastik.com.tr\/en\/wp-content\/uploads\/2017\/07\/Saydas-Plastik-Logo.png\",\"width\":300,\"height\":60,\"caption\":\"Sayda\u015f Plastic\"},\"image\":{\"@id\":\"https:\/\/www.saydasplastik.com.tr\/en\/#\/schema\/logo\/image\/\"}}]}<\/script>\n<!-- \/ Yoast SEO plugin. -->","yoast_head_json":{"title":"Contact | Sayda\u015f Plastic","robots":{"index":"index","follow":"follow","max-snippet":"max-snippet:-1","max-image-preview":"max-image-preview:large","max-video-preview":"max-video-preview:-1"},"canonical":"https:\/\/www.saydasplastik.com.tr\/en\/contact\/","og_locale":"en_US","og_type":"article","og_title":"Contact | Sayda\u015f Plastic","og_url":"https:\/\/www.saydasplastik.com.tr\/en\/contact\/","og_site_name":"Sayda\u015f Plastic","article_modified_time":"2021-06-17T14:44:23+00:00","twitter_card":"summary_large_image","twitter_misc":{"Est. reading time":"1 minute"},"schema":{"@context":"https:\/\/schema.org","@graph":[{"@type":"WebPage","@id":"https:\/\/www.saydasplastik.com.tr\/en\/contact\/","url":"https:\/\/www.saydasplastik.com.tr\/en\/contact\/","name":"Contact | Sayda\u015f Plastic","isPartOf":{"@id":"https:\/\/www.saydasplastik.com.tr\/en\/#website"},"datePublished":"2021-02-01T11:37:22+00:00","dateModified":"2021-06-17T14:44:23+00:00","breadcrumb":{"@id":"https:\/\/www.saydasplastik.com.tr\/en\/contact\/#breadcrumb"},"inLanguage":"en-US","potentialAction":[{"@type":"ReadAction","target":["https:\/\/www.saydasplastik.com.tr\/en\/contact\/"]}]},{"@type":"BreadcrumbList","@id":"https:\/\/www.saydasplastik.com.tr\/en\/contact\/#breadcrumb","itemListElement":[{"@type":"ListItem","position":1,"name":"Anasayfa","item":"https:\/\/www.saydasplastik.com.tr\/en\/"},{"@type":"ListItem","position":2,"name":"Contact"}]},{"@type":"WebSite","@id":"https:\/\/www.saydasplastik.com.tr\/en\/#website","url":"https:\/\/www.saydasplastik.com.tr\/en\/","name":"Sayda\u015f Plastic","description":"","publisher":{"@id":"https:\/\/www.saydasplastik.com.tr\/en\/#organization"},"potentialAction":[{"@type":"SearchAction","target":{"@type":"EntryPoint","urlTemplate":"https:\/\/www.saydasplastik.com.tr\/en\/?s={search_term_string}"},"query-input":"required name=search_term_string"}],"inLanguage":"en-US"},{"@type":"Organization","@id":"https:\/\/www.saydasplastik.com.tr\/en\/#organization","name":"Sayda\u015f Plastic","url":"https:\/\/www.saydasplastik.com.tr\/en\/","logo":{"@type":"ImageObject","inLanguage":"en-US","@id":"https:\/\/www.saydasplastik.com.tr\/en\/#\/schema\/logo\/image\/","url":"https:\/\/www.saydasplastik.com.tr\/en\/wp-content\/uploads\/2017\/07\/Saydas-Plastik-Logo.png","contentUrl":"https:\/\/www.saydasplastik.com.tr\/en\/wp-content\/uploads\/2017\/07\/Saydas-Plastik-Logo.png","width":300,"height":60,"caption":"Sayda\u015f Plastic"},"image":{"@id":"https:\/\/www.saydasplastik.com.tr\/en\/#\/schema\/logo\/image\/"}}]}},"_links":{"self":[{"href":"https:\/\/www.saydasplastik.com.tr\/en\/wp-json\/wp\/v2\/pages\/7993","targetHints":{"allow":["GET"]}}],"collection":[{"href":"https:\/\/www.saydasplastik.com.tr\/en\/wp-json\/wp\/v2\/pages"}],"about":[{"href":"https:\/\/www.saydasplastik.com.tr\/en\/wp-json\/wp\/v2\/types\/page"}],"author":[{"embeddable":true,"href":"https:\/\/www.saydasplastik.com.tr\/en\/wp-json\/wp\/v2\/users\/1"}],"replies":[{"embeddable":true,"href":"https:\/\/www.saydasplastik.com.tr\/en\/wp-json\/wp\/v2\/comments?post=7993"}],"version-history":[{"count":17,"href":"https:\/\/www.saydasplastik.com.tr\/en\/wp-json\/wp\/v2\/pages\/7993\/revisions"}],"predecessor-version":[{"id":8731,"href":"https:\/\/www.saydasplastik.com.tr\/en\/wp-json\/wp\/v2\/pages\/7993\/revisions\/8731"}],"wp:attachment":[{"href":"https:\/\/www.saydasplastik.com.tr\/en\/wp-json\/wp\/v2\/media?parent=7993"}],"curies":[{"name":"wp","href":"https:\/\/api.w.org\/{rel}","templated":true}]}}